{"id":141,"date":"2016-09-30T15:08:23","date_gmt":"2016-09-30T12:08:23","guid":{"rendered":"http:\/\/privetravelconcierge.com\/?page_id=141"},"modified":"2017-02-09T16:48:27","modified_gmt":"2017-02-09T13:48:27","slug":"terms","status":"publish","type":"page","link":"https:\/\/privetravelconcierge.com\/ru_RU\/terms\/","title":{"rendered":"Terms & Conditions"},"content":{"rendered":"<p><strong>PLEASE READ THESE TERMS CAREFULLY BEFORE USING THIS SITE<\/strong><\/p>\n<p>These materials are provided by Prive Travel Concierge DMCC, Dubai, UAE and its related entities (&#171;Priv\u00e9 Travel Concierge &#171;) as a service to its customers and may be used for informational purposes only. By using this site, you agree to these terms. If you do not agree to these terms, please do not use this site.<\/p>\n<p><strong>TRADEMARK NOTICE<\/strong><\/p>\n<p>This Web site contains the Priv\u00e9 Travel Concierge, and other valuable trademarks owned and used by Priv\u00e9 Travel Concierge to distinguish its services and wares. These trademarks and related proprietary property are protected from copying and simulation under national and international laws and may not be reproduced, copied or otherwise used without the express prior written permission of Priv\u00e9 Travel Concierge.<\/p>\n<p><strong>COPYRIGHT NOTICE<\/strong><\/p>\n<p>The information, text, graphics, images, sounds, links and all other information and software published or otherwise contained on this site (the &#171;Contents&#187;) are the exclusive property of Priv\u00e9 Travel Concierge, and, except as specifically provided herein, may not be copied, distributed, displayed, reproduced or transmitted, in any form or by any means, electronic, mechanical, photocopying, recording, or otherwise, without the prior written permission of Priv\u00e9 Travel Concierge. In the event that written permission is granted, all downloaded information (&#171;contents&#187;) must be credited to Priv\u00e9 Travel Concierge Copyright \u00a9 PriveTravel2017. All rights reserved<\/p>\n<p><strong>RESTRICTED LICENSE<\/strong><\/p>\n<p>The Contents may be downloaded and reproduced solely for personal non-commercial or internal use. This is a license and not a transfer of title, and is subject to the following restrictions: (a) the Contents may not be modified or used for any commercial purpose or public display, performance, sale or rental; (b) software Contents may not be de-compiled, reverse engineered or disassembled in any manner whatsoever; (c) no copyright or other proprietary notices may be removed from the Contents; (d) the Contents may not be transferred to another person; and (e) every person downloading, reproducing or otherwise using the Contents, hereby agrees to prevent any unauthorized copying of the Contents.<\/p>\n<p><strong>GENERAL NOTICE<\/strong><\/p>\n<p>Priv\u00e9 Travel Concierge strives to ensure that the Contents are accurate and reliable. However, Priv\u00e9 Travel Concierge and its agents are not infallible, and errors and\/or omissions may sometimes occur. Therefore, Priv\u00e9 Travel Concierge disclaims any warranty of any kind, whether express or implied, as to any matter whatsoever relating to this Web site and any links thereto and there-from, including, without limitation, as to the merchantability, non-infringement of intellectual property, or fitness for any particular purpose.<\/p>\n<p>Priv\u00e9 Travel Concierge does not warrant the accuracy, currency or completeness of the contents, including, without limitation, any information relating to prices or availability. Priv\u00e9 Travel Concierge will from time to time revise the Contents and\/or the products, services and resources described there-in and reserves the right to make such changes without any obligation to notify past, current or prospective visitors of this Web site.<\/p>\n<p>IN NO EVENT SHALL PRIV\u00c9 TRAVEL CONCIERGE BE LIABLE FOR ANY INDIRECT, SPECIAL, INCIDENTAL, OR CONSEQUENTIAL DAMAGES WHATSOEVER (INCLUDING, WITHOUT LIMITATION, DAMAGES FOR LOSS OF PROFITS, BUSINESS INTERRUPTION AND LOSS OF INFORMATION) ARISING OUT OF THE USE OF OR INABILITY TO USE THE CONTENTS, EVEN IF PRIVE TRAVEL CONCIERGE DMCC HAS BEEN ADVISED OF THE POSSIBILITY OF SUCH DAMAGES.<\/p>\n<p><strong>COMMUNICATIONS<\/strong><\/p>\n<p>With respect to all communications made to Priv\u00e9 Travel Concierge including, without limitation, feedback, questions, comments and suggestions (&#171;Communications&#187;): (a) no right of confidentiality shall apply to Communications and Priv\u00e9 Travel Concierge shall have no obligation to protect Communications from disclosure; (b) Priv\u00e9 Travel Concierge shall be free to reproduce, use, disclose and distribute Communications to others; and (c) Priv\u00e9 Travel Concierge shall be free to use any ideas, concepts, know-how or techniques contained in Communications for any purpose whatsoever, including, without limitation, the development, production and marketing of products and services that incorporate such information.<\/p>\n<p>Please use Internet E-Mail only to send us non-confidential notes. Do not include confidential personal or private information. For your protection, our responses will not include any confidential information. Please do not use Internet E-Mail to send us transaction instructions. Customers who choose to send Internet E-Mail messages to Priv\u00e9 Travel Concierge that contain confidential, private or personal information do so entirely at their own risk.<\/p>\n<p><strong>MARKETING COMMUNICATIONS &#8212; e-NEWSLETTERS<\/strong><\/p>\n<p>We may at times send you information about our products and services including news about our offers or invite you to events via e-mail (e-newsletters).<br \/>\nYou can choose at any time to stop receiving this e-newsletter by sending us an email to ask@privetravelconcierge.com containing the word &#171;UNSUBSCRIBE&#187; in the subject line.<\/p>\n<p>For further information, please write to:<br \/>\nPrive Travel Concierge DMCC<br \/>\nask@privetravelconcierge.com<br \/>\nJLT, Gluster W, JBC &#8212; 1, office 2502, Dubai, UAE<\/p>\n","protected":false},"excerpt":{"rendered":"<p><strong>PLEASE READ THESE TERMS CAREFULLY BEFORE USING THIS SITE<\/strong><\/p>\n<p>These materials are provided by Prive Travel Concierge DMCC, Dubai, UAE and its related entities (&#171;Priv\u00e9 Travel Concierge &#171;) as a service to its customers and may be used fo&#8230;<\/p>\n","protected":false},"author":1,"featured_media":0,"parent":0,"menu_order":0,"comment_status":"closed","ping_status":"closed","template":"terms-static.php","meta":[],"_links":{"self":[{"href":"https:\/\/privetravelconcierge.com\/ru_RU\/wp-json\/wp\/v2\/pages\/141"}],"collection":[{"href":"https:\/\/privetravelconcierge.com\/ru_RU\/wp-json\/wp\/v2\/pages"}],"about":[{"href":"https:\/\/privetravelconcierge.com\/ru_RU\/wp-json\/wp\/v2\/types\/page"}],"author":[{"embeddable":true,"href":"https:\/\/privetravelconcierge.com\/ru_RU\/wp-json\/wp\/v2\/users\/1"}],"replies":[{"embeddable":true,"href":"https:\/\/privetravelconcierge.com\/ru_RU\/wp-json\/wp\/v2\/comments?post=141"}],"version-history":[{"count":11,"href":"https:\/\/privetravelconcierge.com\/ru_RU\/wp-json\/wp\/v2\/pages\/141\/revisions"}],"predecessor-version":[{"id":2045,"href":"https:\/\/privetravelconcierge.com\/ru_RU\/wp-json\/wp\/v2\/pages\/141\/revisions\/2045"}],"wp:attachment":[{"href":"https:\/\/privetravelconcierge.com\/ru_RU\/wp-json\/wp\/v2\/media?parent=141"}],"curies":[{"name":"wp","href":"https:\/\/api.w.org\/{rel}","templated":true}]}}